{"id":8645,"date":"2025-05-19T11:35:16","date_gmt":"2025-05-19T11:35:16","guid":{"rendered":"https:\/\/www.moroccotripsguide.com\/wycieczki-na-pustynie-z-casablanki\/"},"modified":"2025-06-14T09:11:59","modified_gmt":"2025-06-14T09:11:59","slug":"wycieczki-na-pustynie-z-casablanki","status":"publish","type":"page","link":"https:\/\/www.moroccotripsguide.com\/pl\/wycieczki-na-pustynie-z-casablanki\/","title":{"rendered":"Wycieczki na pustynie z Casablanki"},"content":{"rendered":"\t\t<div data-elementor-type=\"wp-page\" data-elementor-id=\"8645\" class=\"elementor elementor-8645 elementor-7654\" data-elementor-post-type=\"page\">\n\t\t\t\t<div class=\"elementor-element elementor-element-afdba06 e-flex e-con-boxed e-con e-parent\" data-id=\"afdba06\" data-element_type=\"container\" data-e-type=\"container\">\n\t\t\t\t\t<div class=\"e-con-inner\">\n\t\t\t\t<div class=\"elementor-element elementor-element-768d501 elementor-widget elementor-widget-heading\" data-id=\"768d501\" data-element_type=\"widget\" data-e-type=\"widget\" data-widget_type=\"heading.default\">\n\t\t\t\t<div class=\"elementor-widget-container\">\n\t\t\t\t\t<h1 class=\"elementor-heading-title elementor-size-default\">Wycieczki na pustynie z Casablanki<\/h1>\t\t\t\t<\/div>\n\t\t\t\t<\/div>\n\t\t\t\t<div class=\"elementor-element elementor-element-f794ea0 elementor-widget elementor-widget-text-editor\" data-id=\"f794ea0\" data-element_type=\"widget\" data-e-type=\"widget\" data-widget_type=\"text-editor.default\">\n\t\t\t\t<div class=\"elementor-widget-container\">\n\t\t\t\t\t\t\t\t\t<p>Odkryj magi\u0119 maroka\u0144skiej pustyni dzi\u0119ki niezapomnianym wycieczkom z Casablanki z przewodnikiem Morocco Trips Guide. Niezale\u017cnie od tego, czy chcesz je\u017adzi\u0107 na wielb\u0142\u0105dach po z\u0142otych wydmach, by\u0107 \u015bwiadkiem zapieraj\u0105cych dech w piersiach zachod\u00f3w s\u0142o\u0144ca, czy te\u017c odkrywa\u0107 spokojne pi\u0119kno Sahary, nasze wycieczki oferuj\u0105 do\u015bwiadczenie jak \u017cadne inne.<\/p>\n<p>Morocco Trips Guide zapewnia spersonalizowane podr\u00f3\u017ce, kt\u00f3re o\u017cywiaj\u0105 osza\u0142amiaj\u0105ce krajobrazy pustyni Sahara, zapewniaj\u0105c jednocze\u015bnie komfort i bezpiecze\u0144stwo na ka\u017cdym kroku.<\/p>\n<p>Z t\u0119tni\u0105cego \u017cyciem miasta Casablanca, do\u0142\u0105cz do przygody, kt\u00f3ra zabierze Ci\u0119 g\u0142\u0119boko w serce maroka\u0144skiej pustyni, tworz\u0105c wspomnienia, kt\u00f3re pozostan\u0105 na ca\u0142e \u017cycie. Pozw\u00f3l, aby pi\u0119kno wydm i cisza rozleg\u0142ej pustyni zainspirowa\u0142y Ci\u0119 podczas odkrywania z nami tego niesamowitego kraju.<\/p>\n\t\t\t\t\t\t\t\t<\/div>\n\t\t\t\t<\/div>\n\t\t\t\t<div class=\"elementor-element elementor-element-f94bf6c elementor-widget elementor-widget-heading\" data-id=\"f94bf6c\" data-element_type=\"widget\" data-e-type=\"widget\" data-widget_type=\"heading.default\">\n\t\t\t\t<div class=\"elementor-widget-container\">\n\t\t\t\t\t<h1 class=\"elementor-heading-title elementor-size-default\">Wycieczki na pustynie z Casablanki<\/h1>\t\t\t\t<\/div>\n\t\t\t\t<\/div>\n\t\t\t\t<div class=\"elementor-element elementor-element-29fd7ca elementor-widget elementor-widget-text-editor\" data-id=\"29fd7ca\" data-element_type=\"widget\" data-e-type=\"widget\" data-widget_type=\"text-editor.default\">\n\t\t\t\t<div class=\"elementor-widget-container\">\n\t\t\t\t\t\t\t\t\t<p>Wybierz si\u0119 w wyj\u0105tkow\u0105 podr\u00f3\u017c z prywatn\u0105 Wycieczki na pustyni\u0119 z Casablanki, zaprojektowan\u0105 specjalnie dla Ciebie przez Morocco Trips Guide.<\/p>\n<p>Ta specjalna wycieczka pozwala odkrywa\u0107 Sahar\u0119 we w\u0142asnym tempie, z osobistym przewodnikiem, kt\u00f3ry poka\u017ce Ci to, co najlepsze na pustyni. Jed\u017a na wielb\u0142\u0105dzie przez z\u0142ote wydmy, odwied\u017a ukryte oazy i ciesz si\u0119 spokojnym pi\u0119knem pustyni w spokoju.<\/p>\n<p>Niezale\u017cnie od tego, czy ogl\u0105dasz zach\u00f3d s\u0142o\u0144ca, czy sp\u0119dzasz noc pod gwiazdami, ta prywatna wycieczka oferuje osobiste i niezapomniane wra\u017cenia.<\/p>\n<p>Dzi\u0119ki Morocco Trips Guide Twoja pustynna przygoda b\u0119dzie relaksuj\u0105ca, ekscytuj\u0105ca i stworzona specjalnie dla Ciebie. Niech magia pustyni stworzy wspomnienia, kt\u00f3re zawsze b\u0119dziesz piel\u0119gnowa\u0107.<\/p>\n\t\t\t\t\t\t\t\t<\/div>\n\t\t\t\t<\/div>\n\t\t<div class=\"elementor-element elementor-element-19f27da e-con-full e-flex e-con e-child\" data-id=\"19f27da\" data-element_type=\"container\" data-e-type=\"container\">\n\t\t<div class=\"elementor-element elementor-element-d14a7ab e-con-full e-flex e-con e-child\" data-id=\"d14a7ab\" data-element_type=\"container\" data-e-type=\"container\">\n\t\t<div class=\"elementor-element elementor-element-cc1fe20 e-flex e-con-boxed e-con e-child\" data-id=\"cc1fe20\" data-element_type=\"container\" data-e-type=\"container\">\n\t\t\t\t\t<div class=\"e-con-inner\">\n\t\t\t\t<div class=\"elementor-element elementor-element-5b6b4e8 elementor-widget elementor-widget-image\" data-id=\"5b6b4e8\" data-element_type=\"widget\" data-e-type=\"widget\" data-widget_type=\"image.default\">\n\t\t\t\t<div class=\"elementor-widget-container\">\n\t\t\t\t\t\t\t\t\t\t\t\t\t\t\t<img decoding=\"async\" src=\"https:\/\/www.moroccotripsguide.com\/wp-content\/uploads\/2024\/05\/Best-6-Instagrammable-places-in-Morocco.jpg\" title=\"Best 6 Instagrammable places in Morocco\" alt=\"Best 6 Instagrammable places in Morocco\" loading=\"lazy\" \/>\t\t\t\t\t\t\t\t\t\t\t\t\t\t\t<\/div>\n\t\t\t\t<\/div>\n\t\t\t\t<div class=\"elementor-element elementor-element-339f9d4 elementor-widget elementor-widget-heading\" data-id=\"339f9d4\" data-element_type=\"widget\" data-e-type=\"widget\" data-widget_type=\"heading.default\">\n\t\t\t\t<div class=\"elementor-widget-container\">\n\t\t\t\t\t<h2 class=\"elementor-heading-title elementor-size-default\">4 DNI Z CASABLANKI DO MARRAKESZU<\/h2>\t\t\t\t<\/div>\n\t\t\t\t<\/div>\n\t\t\t\t<div class=\"elementor-element elementor-element-613d5a1 elementor-widget-divider--view-line_text elementor-widget-divider--element-align-center elementor-widget elementor-widget-divider\" data-id=\"613d5a1\" data-element_type=\"widget\" data-e-type=\"widget\" data-widget_type=\"divider.default\">\n\t\t\t\t<div class=\"elementor-widget-container\">\n\t\t\t\t\t\t\t<div class=\"elementor-divider\">\n\t\t\t<span class=\"elementor-divider-separator\">\n\t\t\t\t\t\t\t<span class=\"elementor-divider__text elementor-divider__element\">\n\t\t\t\t4 Dni \/ 3 Noce\t\t\t\t<\/span>\n\t\t\t\t\t\t<\/span>\n\t\t<\/div>\n\t\t\t\t\t\t<\/div>\n\t\t\t\t<\/div>\n\t\t\t\t<div class=\"elementor-element elementor-element-75ef864 elementor-widget elementor-widget-text-editor\" data-id=\"75ef864\" data-element_type=\"widget\" data-e-type=\"widget\" data-widget_type=\"text-editor.default\">\n\t\t\t\t<div class=\"elementor-widget-container\">\n\t\t\t\t\t\t\t\t\t<p>Poznaj NAJLEPSZE miejsca w Maroku, w tym epickie g\u00f3ry, z\u0142ote wydmy. Do tego jazda na wielb\u0142\u0105dzie i nocleg na \u015brodku pustyni.<\/p>\n\t\t\t\t\t\t\t\t<\/div>\n\t\t\t\t<\/div>\n\t\t\t\t<div class=\"elementor-element elementor-element-b939b95 elementor-widget-divider--view-line_text elementor-widget-divider--element-align-center elementor-widget elementor-widget-divider\" data-id=\"b939b95\" data-element_type=\"widget\" data-e-type=\"widget\" data-widget_type=\"divider.default\">\n\t\t\t\t<div class=\"elementor-widget-container\">\n\t\t\t\t\t\t\t<div class=\"elementor-divider\">\n\t\t\t<span class=\"elementor-divider-separator\">\n\t\t\t\t\t\t\t<span class=\"elementor-divider__text elementor-divider__element\">\n\t\t\t\tOd 278 \u20ac\t\t\t\t<\/span>\n\t\t\t\t\t\t<\/span>\n\t\t<\/div>\n\t\t\t\t\t\t<\/div>\n\t\t\t\t<\/div>\n\t\t\t\t<div class=\"elementor-element elementor-element-63313d5 elementor-button-warning elementor-align-center elementor-widget elementor-widget-button\" data-id=\"63313d5\" data-element_type=\"widget\" data-e-type=\"widget\" data-widget_type=\"button.default\">\n\t\t\t\t<div class=\"elementor-widget-container\">\n\t\t\t\t\t\t\t\t\t<div class=\"elementor-button-wrapper\">\n\t\t\t\t\t<a class=\"elementor-button elementor-size-sm\" role=\"button\">\n\t\t\t\t\t\t<span class=\"elementor-button-content-wrapper\">\n\t\t\t\t\t\t\t\t\t<span class=\"elementor-button-text\">Eksploruj<\/span>\n\t\t\t\t\t<\/span>\n\t\t\t\t\t<\/a>\n\t\t\t\t<\/div>\n\t\t\t\t\t\t\t\t<\/div>\n\t\t\t\t<\/div>\n\t\t\t\t\t<\/div>\n\t\t\t\t<\/div>\n\t\t\t\t<\/div>\n\t\t<div class=\"elementor-element elementor-element-292903e e-con-full e-flex e-con e-child\" data-id=\"292903e\" data-element_type=\"container\" data-e-type=\"container\">\n\t\t<div class=\"elementor-element elementor-element-2a489ac e-con-full e-flex e-con e-child\" data-id=\"2a489ac\" data-element_type=\"container\" data-e-type=\"container\">\n\t\t\t\t<div class=\"elementor-element elementor-element-b666476 elementor-widget elementor-widget-image\" data-id=\"b666476\" data-element_type=\"widget\" data-e-type=\"widget\" data-widget_type=\"image.default\">\n\t\t\t\t<div class=\"elementor-widget-container\">\n\t\t\t\t\t\t\t\t\t\t\t\t\t\t\t<img decoding=\"async\" src=\"https:\/\/www.moroccotripsguide.com\/wp-content\/uploads\/2025\/01\/Best-Morocco-Itinerary-5-Days.jpg\" title=\"Best Morocco Itinerary 5 Days\" alt=\"Best Morocco Itinerary 5 Days\" loading=\"lazy\" \/>\t\t\t\t\t\t\t\t\t\t\t\t\t\t\t<\/div>\n\t\t\t\t<\/div>\n\t\t\t\t<div class=\"elementor-element elementor-element-6981e1e elementor-widget elementor-widget-heading\" data-id=\"6981e1e\" data-element_type=\"widget\" data-e-type=\"widget\" data-widget_type=\"heading.default\">\n\t\t\t\t<div class=\"elementor-widget-container\">\n\t\t\t\t\t<h2 class=\"elementor-heading-title elementor-size-default\"> DNI Z CASABLANKI DO MARRAKESZU<\/h2>\t\t\t\t<\/div>\n\t\t\t\t<\/div>\n\t\t\t\t<div class=\"elementor-element elementor-element-a94382e elementor-widget-divider--view-line_text elementor-widget-divider--element-align-center elementor-widget elementor-widget-divider\" data-id=\"a94382e\" data-element_type=\"widget\" data-e-type=\"widget\" data-widget_type=\"divider.default\">\n\t\t\t\t<div class=\"elementor-widget-container\">\n\t\t\t\t\t\t\t<div class=\"elementor-divider\">\n\t\t\t<span class=\"elementor-divider-separator\">\n\t\t\t\t\t\t\t<span class=\"elementor-divider__text elementor-divider__element\">\n\t\t\t\t5 Dni \/ 4 Noce\t\t\t\t<\/span>\n\t\t\t\t\t\t<\/span>\n\t\t<\/div>\n\t\t\t\t\t\t<\/div>\n\t\t\t\t<\/div>\n\t\t\t\t<div class=\"elementor-element elementor-element-1f0d19b elementor-widget elementor-widget-text-editor\" data-id=\"1f0d19b\" data-element_type=\"widget\" data-e-type=\"widget\" data-widget_type=\"text-editor.default\">\n\t\t\t\t<div class=\"elementor-widget-container\">\n\t\t\t\t\t\t\t\t\t<p>Przewodnik Morocco Trips zabierze Ci\u0119 w niezapomnian\u0105 podr\u00f3\u017c przez serce Maroka, od wybrze\u017ca Atlantyku po zapieraj\u0105ce dech w piersiach g\u00f3ry Atlas.<\/p>\n\t\t\t\t\t\t\t\t<\/div>\n\t\t\t\t<\/div>\n\t\t\t\t<div class=\"elementor-element elementor-element-e1946ea elementor-widget-divider--view-line_text elementor-widget-divider--element-align-center elementor-widget elementor-widget-divider\" data-id=\"e1946ea\" data-element_type=\"widget\" data-e-type=\"widget\" data-widget_type=\"divider.default\">\n\t\t\t\t<div class=\"elementor-widget-container\">\n\t\t\t\t\t\t\t<div class=\"elementor-divider\">\n\t\t\t<span class=\"elementor-divider-separator\">\n\t\t\t\t\t\t\t<span class=\"elementor-divider__text elementor-divider__element\">\n\t\t\t\tOd 315 \u20ac\t\t\t\t<\/span>\n\t\t\t\t\t\t<\/span>\n\t\t<\/div>\n\t\t\t\t\t\t<\/div>\n\t\t\t\t<\/div>\n\t\t\t\t<div class=\"elementor-element elementor-element-a8c3a8a elementor-button-warning elementor-align-center elementor-widget elementor-widget-button\" data-id=\"a8c3a8a\" data-element_type=\"widget\" data-e-type=\"widget\" data-widget_type=\"button.default\">\n\t\t\t\t<div class=\"elementor-widget-container\">\n\t\t\t\t\t\t\t\t\t<div class=\"elementor-button-wrapper\">\n\t\t\t\t\t<a class=\"elementor-button elementor-button-link elementor-size-sm\" href=\"https:\/\/www.moroccotripsguide.com\/morocco-itinerary-5-days\/\">\n\t\t\t\t\t\t<span class=\"elementor-button-content-wrapper\">\n\t\t\t\t\t\t\t\t\t<span class=\"elementor-button-text\">Eksploruj<\/span>\n\t\t\t\t\t<\/span>\n\t\t\t\t\t<\/a>\n\t\t\t\t<\/div>\n\t\t\t\t\t\t\t\t<\/div>\n\t\t\t\t<\/div>\n\t\t\t\t<\/div>\n\t\t\t\t<\/div>\n\t\t\t\t<\/div>\n\t\t\t\t\t<\/div>\n\t\t\t\t<\/div>\n\t\t\t\t<\/div>\n\t\t","protected":false},"excerpt":{"rendered":"<p>Wycieczki na pustynie z Casablanki Odkryj magi\u0119 maroka\u0144skiej pustyni dzi\u0119ki niezapomnianym wycieczkom z Casablanki z przewodnikiem Morocco Trips Guide. Niezale\u017cnie od tego, czy chcesz je\u017adzi\u0107 na wielb\u0142\u0105dach po z\u0142otych wydmach, by\u0107 \u015bwiadkiem zapieraj\u0105cych dech w piersiach zachod\u00f3w s\u0142o\u0144ca, czy te\u017c odkrywa\u0107 spokojne pi\u0119kno Sahary, nasze wycieczki oferuj\u0105 do\u015bwiadczenie jak \u017cadne inne. Morocco Trips Guide zapewnia [&hellip;]<\/p>\n","protected":false},"author":1,"featured_media":0,"parent":0,"menu_order":0,"comment_status":"closed","ping_status":"closed","template":"elementor_header_footer","meta":{"ocean_post_layout":"full-width","ocean_both_sidebars_style":"","ocean_both_sidebars_content_width":0,"ocean_both_sidebars_sidebars_width":0,"ocean_sidebar":"0","ocean_second_sidebar":"0","ocean_disable_margins":"enable","ocean_add_body_class":"","ocean_shortcode_before_top_bar":"","ocean_shortcode_after_top_bar":"","ocean_shortcode_before_header":"","ocean_shortcode_after_header":"","ocean_has_shortcode":"","ocean_shortcode_after_title":"","ocean_shortcode_before_footer_widgets":"","ocean_shortcode_after_footer_widgets":"","ocean_shortcode_before_footer_bottom":"","ocean_shortcode_after_footer_bottom":"","ocean_display_top_bar":"default","ocean_display_header":"default","ocean_header_style":"","ocean_center_header_left_menu":"0","ocean_custom_header_template":"0","ocean_custom_logo":0,"ocean_custom_retina_logo":0,"ocean_custom_logo_max_width":0,"ocean_custom_logo_tablet_max_width":0,"ocean_custom_logo_mobile_max_width":0,"ocean_custom_logo_max_height":0,"ocean_custom_logo_tablet_max_height":0,"ocean_custom_logo_mobile_max_height":0,"ocean_header_custom_menu":"0","ocean_menu_typo_font_family":"0","ocean_menu_typo_font_subset":"","ocean_menu_typo_font_size":0,"ocean_menu_typo_font_size_tablet":0,"ocean_menu_typo_font_size_mobile":0,"ocean_menu_typo_font_size_unit":"px","ocean_menu_typo_font_weight":"","ocean_menu_typo_font_weight_tablet":"","ocean_menu_typo_font_weight_mobile":"","ocean_menu_typo_transform":"","ocean_menu_typo_transform_tablet":"","ocean_menu_typo_transform_mobile":"","ocean_menu_typo_line_height":0,"ocean_menu_typo_line_height_tablet":0,"ocean_menu_typo_line_height_mobile":0,"ocean_menu_typo_line_height_unit":"","ocean_menu_typo_spacing":0,"ocean_menu_typo_spacing_tablet":0,"ocean_menu_typo_spacing_mobile":0,"ocean_menu_typo_spacing_unit":"","ocean_menu_link_color":"","ocean_menu_link_color_hover":"","ocean_menu_link_color_active":"","ocean_menu_link_background":"","ocean_menu_link_hover_background":"","ocean_menu_link_active_background":"","ocean_menu_social_links_bg":"","ocean_menu_social_hover_links_bg":"","ocean_menu_social_links_color":"","ocean_menu_social_hover_links_color":"","ocean_disable_title":"default","ocean_disable_heading":"on","ocean_post_title":"","ocean_post_subheading":"","ocean_post_title_style":"background-image","ocean_post_title_background_color":"","ocean_post_title_background":0,"ocean_post_title_bg_image_position":"","ocean_post_title_bg_image_attachment":"","ocean_post_title_bg_image_repeat":"","ocean_post_title_bg_image_size":"","ocean_post_title_height":0,"ocean_post_title_bg_overlay":0.5,"ocean_post_title_bg_overlay_color":"","ocean_disable_breadcrumbs":"default","ocean_breadcrumbs_color":"","ocean_breadcrumbs_separator_color":"","ocean_breadcrumbs_links_color":"","ocean_breadcrumbs_links_hover_color":"","ocean_display_footer_widgets":"default","ocean_display_footer_bottom":"default","ocean_custom_footer_template":"0","footnotes":""},"class_list":["post-8645","page","type-page","status-publish","hentry","entry"],"_links":{"self":[{"href":"https:\/\/www.moroccotripsguide.com\/pl\/wp-json\/wp\/v2\/pages\/8645","targetHints":{"allow":["GET"]}}],"collection":[{"href":"https:\/\/www.moroccotripsguide.com\/pl\/wp-json\/wp\/v2\/pages"}],"about":[{"href":"https:\/\/www.moroccotripsguide.com\/pl\/wp-json\/wp\/v2\/types\/page"}],"author":[{"embeddable":true,"href":"https:\/\/www.moroccotripsguide.com\/pl\/wp-json\/wp\/v2\/users\/1"}],"replies":[{"embeddable":true,"href":"https:\/\/www.moroccotripsguide.com\/pl\/wp-json\/wp\/v2\/comments?post=8645"}],"version-history":[{"count":1,"href":"https:\/\/www.moroccotripsguide.com\/pl\/wp-json\/wp\/v2\/pages\/8645\/revisions"}],"predecessor-version":[{"id":8646,"href":"https:\/\/www.moroccotripsguide.com\/pl\/wp-json\/wp\/v2\/pages\/8645\/revisions\/8646"}],"wp:attachment":[{"href":"https:\/\/www.moroccotripsguide.com\/pl\/wp-json\/wp\/v2\/media?parent=8645"}],"curies":[{"name":"wp","href":"https:\/\/api.w.org\/{rel}","templated":true}]}}