{"id":8220,"date":"2025-05-19T12:00:28","date_gmt":"2025-05-19T12:00:28","guid":{"rendered":"https:\/\/www.moroccotripsguide.com\/wycieczki-na-pustynie-z-tangeru\/"},"modified":"2025-05-31T12:30:51","modified_gmt":"2025-05-31T12:30:51","slug":"wycieczki-na-pustynie-z-tangeru","status":"publish","type":"page","link":"https:\/\/www.moroccotripsguide.com\/pl\/wycieczki-na-pustynie-z-tangeru\/","title":{"rendered":"Wycieczki na pustyni\u0119 z Tangeru"},"content":{"rendered":"\t\t<div data-elementor-type=\"wp-page\" data-elementor-id=\"8220\" class=\"elementor elementor-8220 elementor-7661\" data-elementor-post-type=\"page\">\n\t\t\t\t<div class=\"elementor-element elementor-element-afdba06 e-flex e-con-boxed e-con e-parent\" data-id=\"afdba06\" data-element_type=\"container\" data-e-type=\"container\">\n\t\t\t\t\t<div class=\"e-con-inner\">\n\t\t\t\t<div class=\"elementor-element elementor-element-768d501 elementor-widget elementor-widget-heading\" data-id=\"768d501\" data-element_type=\"widget\" data-e-type=\"widget\" data-widget_type=\"heading.default\">\n\t\t\t\t<div class=\"elementor-widget-container\">\n\t\t\t\t\t<h1 class=\"elementor-heading-title elementor-size-default\">Najlepsze Wycieczki na pustyni\u0119 z Tangeru<\/h1>\t\t\t\t<\/div>\n\t\t\t\t<\/div>\n\t\t\t\t<div class=\"elementor-element elementor-element-f794ea0 elementor-widget elementor-widget-text-editor\" data-id=\"f794ea0\" data-element_type=\"widget\" data-e-type=\"widget\" data-widget_type=\"text-editor.default\">\n\t\t\t\t<div class=\"elementor-widget-container\">\n\t\t\t\t\t\t\t\t\t<p>Odkryj magi\u0119 maroka\u0144skiej pustyni dzi\u0119ki wycieczkom pustynnym z Tangeru, organizowanym przez Morocco Trips Guide. Z urokliwego miasta Tanger udaj si\u0119 do osza\u0142amiaj\u0105cych wydm i rozleg\u0142ych krajobraz\u00f3w Sahary. Z lokalnym przewodnikiem u boku do\u015bwiadczysz pi\u0119kna pustyni w spos\u00f3b, kt\u00f3ry jest zar\u00f3wno spokojny, jak i ekscytuj\u0105cy.<\/p>\n<p>Przeja\u017cd\u017cka na wielb\u0142\u0105dzie po z\u0142otych piaskach, ogl\u0105danie zachodu s\u0142o\u0144ca maluj\u0105cego niebo i cieszenie si\u0119 spokojnym urokiem pustynnego \u017cycia. Morocco Trips Guide zapewnia komfort, oferuj\u0105c jednocze\u015bnie niezapomnian\u0105 przygod\u0119, pe\u0142n\u0105 przyg\u00f3d, spokoju i niezapomnianych wspomnie\u0144. Niech pustynia Ci\u0119 zainspiruje i stworzy chwile, kt\u00f3rych nigdy nie zapomnisz.<\/p>\n\t\t\t\t\t\t\t\t<\/div>\n\t\t\t\t<\/div>\n\t\t\t\t<div class=\"elementor-element elementor-element-f94bf6c elementor-widget elementor-widget-heading\" data-id=\"f94bf6c\" data-element_type=\"widget\" data-e-type=\"widget\" data-widget_type=\"heading.default\">\n\t\t\t\t<div class=\"elementor-widget-container\">\n\t\t\t\t\t<h1 class=\"elementor-heading-title elementor-size-default\">NajlepszeWycieczki na pustyni\u0119 z Tangeru<\/h1>\t\t\t\t<\/div>\n\t\t\t\t<\/div>\n\t\t\t\t<div class=\"elementor-element elementor-element-29fd7ca elementor-widget elementor-widget-text-editor\" data-id=\"29fd7ca\" data-element_type=\"widget\" data-e-type=\"widget\" data-widget_type=\"text-editor.default\">\n\t\t\t\t<div class=\"elementor-widget-container\">\n\t\t\t\t\t\t\t\t\t<p>Odkryj magi\u0119 maroka\u0144skiej pustyni dzi\u0119ki wycieczkom pustynnym z Tangeru, organizowanym przez Morocco Trips Guide. Z urokliwego miasta Tanger udaj si\u0119 do osza\u0142amiaj\u0105cych wydm i rozleg\u0142ych krajobraz\u00f3w Sahary. Z lokalnym przewodnikiem u boku do\u015bwiadczysz pi\u0119kna pustyni w spos\u00f3b, kt\u00f3ry jest zar\u00f3wno spokojny, jak i ekscytuj\u0105cy.<\/p>\n<p>Przeja\u017cd\u017cka na wielb\u0142\u0105dzie po z\u0142otych piaskach, ogl\u0105danie zachodu s\u0142o\u0144ca maluj\u0105cego niebo i cieszenie si\u0119 spokojnym urokiem pustynnego \u017cycia. Morocco Trips Guide zapewnia komfort, oferuj\u0105c jednocze\u015bnie niezapomnian\u0105 przygod\u0119, pe\u0142n\u0105 przyg\u00f3d, spokoju i niezapomnianych wspomnie\u0144.<\/p>\n<p>Niech pustynia Ci\u0119 zainspiruje i stworzy chwile, kt\u00f3rych nigdy nie zapomnisz.<\/p>\n\t\t\t\t\t\t\t\t<\/div>\n\t\t\t\t<\/div>\n\t\t<div class=\"elementor-element elementor-element-19f27da e-con-full e-flex e-con e-child\" data-id=\"19f27da\" data-element_type=\"container\" data-e-type=\"container\">\n\t\t<div class=\"elementor-element elementor-element-d14a7ab e-con-full e-flex e-con e-child\" data-id=\"d14a7ab\" data-element_type=\"container\" data-e-type=\"container\">\n\t\t<div class=\"elementor-element elementor-element-cc1fe20 e-flex e-con-boxed e-con e-child\" data-id=\"cc1fe20\" data-element_type=\"container\" data-e-type=\"container\">\n\t\t\t\t\t<div class=\"e-con-inner\">\n\t\t\t\t<div class=\"elementor-element elementor-element-5b6b4e8 elementor-widget elementor-widget-image\" data-id=\"5b6b4e8\" data-element_type=\"widget\" data-e-type=\"widget\" data-widget_type=\"image.default\">\n\t\t\t\t<div class=\"elementor-widget-container\">\n\t\t\t\t\t\t\t\t\t\t\t\t\t\t\t<img decoding=\"async\" src=\"https:\/\/www.moroccotripsguide.com\/wp-content\/uploads\/2025\/01\/4-Days-Desert-Tour-Tangier-to-Marrakech-5-1.jpg\" title=\"4 Days Desert Tour Tangier to Marrakech\" alt=\"4 Days Desert Tour Tangier to Marrakech\" loading=\"lazy\" \/>\t\t\t\t\t\t\t\t\t\t\t\t\t\t\t<\/div>\n\t\t\t\t<\/div>\n\t\t\t\t<div class=\"elementor-element elementor-element-339f9d4 elementor-widget elementor-widget-heading\" data-id=\"339f9d4\" data-element_type=\"widget\" data-e-type=\"widget\" data-widget_type=\"heading.default\">\n\t\t\t\t<div class=\"elementor-widget-container\">\n\t\t\t\t\t<h2 class=\"elementor-heading-title elementor-size-default\">4 DNI Z TANGIERU DO MARRAKESZU<\/h2>\t\t\t\t<\/div>\n\t\t\t\t<\/div>\n\t\t\t\t<div class=\"elementor-element elementor-element-613d5a1 elementor-widget-divider--view-line_text elementor-widget-divider--element-align-center elementor-widget elementor-widget-divider\" data-id=\"613d5a1\" data-element_type=\"widget\" data-e-type=\"widget\" data-widget_type=\"divider.default\">\n\t\t\t\t<div class=\"elementor-widget-container\">\n\t\t\t\t\t\t\t<div class=\"elementor-divider\">\n\t\t\t<span class=\"elementor-divider-separator\">\n\t\t\t\t\t\t\t<span class=\"elementor-divider__text elementor-divider__element\">\n\t\t\t\t4 Dni \/ 3 Noce\t\t\t\t<\/span>\n\t\t\t\t\t\t<\/span>\n\t\t<\/div>\n\t\t\t\t\t\t<\/div>\n\t\t\t\t<\/div>\n\t\t\t\t<div class=\"elementor-element elementor-element-75ef864 elementor-widget elementor-widget-text-editor\" data-id=\"75ef864\" data-element_type=\"widget\" data-e-type=\"widget\" data-widget_type=\"text-editor.default\">\n\t\t\t\t<div class=\"elementor-widget-container\">\n\t\t\t\t\t\t\t\t\t<p>Ciesz si\u0119 odkrywaniem NAJLEPSZYCH miejsc podczas p\u0142ynnej podr\u00f3\u017cy wype\u0142nionej kultur\u0105, histori\u0105 i zapieraj\u0105cymi dech w piersiach widokami pustyni Sahara w Maroku.<\/p>\n\t\t\t\t\t\t\t\t<\/div>\n\t\t\t\t<\/div>\n\t\t\t\t<div class=\"elementor-element elementor-element-b939b95 elementor-widget-divider--view-line_text elementor-widget-divider--element-align-center elementor-widget elementor-widget-divider\" data-id=\"b939b95\" data-element_type=\"widget\" data-e-type=\"widget\" data-widget_type=\"divider.default\">\n\t\t\t\t<div class=\"elementor-widget-container\">\n\t\t\t\t\t\t\t<div class=\"elementor-divider\">\n\t\t\t<span class=\"elementor-divider-separator\">\n\t\t\t\t\t\t\t<span class=\"elementor-divider__text elementor-divider__element\">\n\t\t\t\tOd 298 \u20ac\t\t\t\t<\/span>\n\t\t\t\t\t\t<\/span>\n\t\t<\/div>\n\t\t\t\t\t\t<\/div>\n\t\t\t\t<\/div>\n\t\t\t\t<div class=\"elementor-element elementor-element-63313d5 elementor-button-warning elementor-align-center elementor-widget elementor-widget-button\" data-id=\"63313d5\" data-element_type=\"widget\" data-e-type=\"widget\" data-widget_type=\"button.default\">\n\t\t\t\t<div class=\"elementor-widget-container\">\n\t\t\t\t\t\t\t\t\t<div class=\"elementor-button-wrapper\">\n\t\t\t\t\t<a class=\"elementor-button elementor-button-link elementor-size-sm\" href=\"https:\/\/www.moroccotripsguide.com\/4-days-desert-tour-tangier-to-marrakech\/\">\n\t\t\t\t\t\t<span class=\"elementor-button-content-wrapper\">\n\t\t\t\t\t\t\t\t\t<span class=\"elementor-button-text\">Eksploruj<\/span>\n\t\t\t\t\t<\/span>\n\t\t\t\t\t<\/a>\n\t\t\t\t<\/div>\n\t\t\t\t\t\t\t\t<\/div>\n\t\t\t\t<\/div>\n\t\t\t\t\t<\/div>\n\t\t\t\t<\/div>\n\t\t\t\t<\/div>\n\t\t<div class=\"elementor-element elementor-element-292903e e-con-full e-flex e-con e-child\" data-id=\"292903e\" data-element_type=\"container\" data-e-type=\"container\">\n\t\t<div class=\"elementor-element elementor-element-2a489ac e-con-full e-flex e-con e-child\" data-id=\"2a489ac\" data-element_type=\"container\" data-e-type=\"container\">\n\t\t\t\t<div class=\"elementor-element elementor-element-b666476 elementor-widget elementor-widget-image\" data-id=\"b666476\" data-element_type=\"widget\" data-e-type=\"widget\" data-widget_type=\"image.default\">\n\t\t\t\t<div class=\"elementor-widget-container\">\n\t\t\t\t\t\t\t\t\t\t\t\t\t\t\t<img decoding=\"async\" src=\"https:\/\/www.moroccotripsguide.com\/wp-content\/uploads\/2025\/01\/5-Days-Desert-Tour-Tangier-to-Marrakech-1.jpg\" title=\"5 Days Desert Tour Tangier to Marrakech\" alt=\"5 Days Desert Tour Tangier to Marrakech\" loading=\"lazy\" \/>\t\t\t\t\t\t\t\t\t\t\t\t\t\t\t<\/div>\n\t\t\t\t<\/div>\n\t\t\t\t<div class=\"elementor-element elementor-element-6981e1e elementor-widget elementor-widget-heading\" data-id=\"6981e1e\" data-element_type=\"widget\" data-e-type=\"widget\" data-widget_type=\"heading.default\">\n\t\t\t\t<div class=\"elementor-widget-container\">\n\t\t\t\t\t<h2 class=\"elementor-heading-title elementor-size-default\">5 DNI Z TANGIERU DO MARRAKESZU<\/h2>\t\t\t\t<\/div>\n\t\t\t\t<\/div>\n\t\t\t\t<div class=\"elementor-element elementor-element-a94382e elementor-widget-divider--view-line_text elementor-widget-divider--element-align-center elementor-widget elementor-widget-divider\" data-id=\"a94382e\" data-element_type=\"widget\" data-e-type=\"widget\" data-widget_type=\"divider.default\">\n\t\t\t\t<div class=\"elementor-widget-container\">\n\t\t\t\t\t\t\t<div class=\"elementor-divider\">\n\t\t\t<span class=\"elementor-divider-separator\">\n\t\t\t\t\t\t\t<span class=\"elementor-divider__text elementor-divider__element\">\n\t\t\t\t5 Dni \/ 4 Noce\t\t\t\t<\/span>\n\t\t\t\t\t\t<\/span>\n\t\t<\/div>\n\t\t\t\t\t\t<\/div>\n\t\t\t\t<\/div>\n\t\t\t\t<div class=\"elementor-element elementor-element-1f0d19b elementor-widget elementor-widget-text-editor\" data-id=\"1f0d19b\" data-element_type=\"widget\" data-e-type=\"widget\" data-widget_type=\"text-editor.default\">\n\t\t\t\t<div class=\"elementor-widget-container\">\n\t\t\t\t\t\t\t\t\t<p>Do\u0142\u0105cz do 5-dniowej przygody z Tangeru do Marrakeszu, podczas kt\u00f3rej odkryjesz r\u00f3\u017cnorodne krajobrazy Maroka, od nadmorskich miast po z\u0142ot\u0105 pustyni\u0119.<\/p>\n\t\t\t\t\t\t\t\t<\/div>\n\t\t\t\t<\/div>\n\t\t\t\t<div class=\"elementor-element elementor-element-e1946ea elementor-widget-divider--view-line_text elementor-widget-divider--element-align-center elementor-widget elementor-widget-divider\" data-id=\"e1946ea\" data-element_type=\"widget\" data-e-type=\"widget\" data-widget_type=\"divider.default\">\n\t\t\t\t<div class=\"elementor-widget-container\">\n\t\t\t\t\t\t\t<div class=\"elementor-divider\">\n\t\t\t<span class=\"elementor-divider-separator\">\n\t\t\t\t\t\t\t<span class=\"elementor-divider__text elementor-divider__element\">\n\t\t\t\tOd 378 \u20ac\t\t\t\t<\/span>\n\t\t\t\t\t\t<\/span>\n\t\t<\/div>\n\t\t\t\t\t\t<\/div>\n\t\t\t\t<\/div>\n\t\t\t\t<div class=\"elementor-element elementor-element-a8c3a8a elementor-button-warning elementor-align-center elementor-widget elementor-widget-button\" data-id=\"a8c3a8a\" data-element_type=\"widget\" data-e-type=\"widget\" data-widget_type=\"button.default\">\n\t\t\t\t<div class=\"elementor-widget-container\">\n\t\t\t\t\t\t\t\t\t<div class=\"elementor-button-wrapper\">\n\t\t\t\t\t<a class=\"elementor-button elementor-button-link elementor-size-sm\" href=\"https:\/\/www.moroccotripsguide.com\/5-days-desert-tour-tangier-to-marrakech\/\">\n\t\t\t\t\t\t<span class=\"elementor-button-content-wrapper\">\n\t\t\t\t\t\t\t\t\t<span class=\"elementor-button-text\">Eksploruj<\/span>\n\t\t\t\t\t<\/span>\n\t\t\t\t\t<\/a>\n\t\t\t\t<\/div>\n\t\t\t\t\t\t\t\t<\/div>\n\t\t\t\t<\/div>\n\t\t\t\t<\/div>\n\t\t\t\t<\/div>\n\t\t\t\t<\/div>\n\t\t\t\t\t<\/div>\n\t\t\t\t<\/div>\n\t\t\t\t<\/div>\n\t\t","protected":false},"excerpt":{"rendered":"<p>Najlepsze Wycieczki na pustyni\u0119 z Tangeru Odkryj magi\u0119 maroka\u0144skiej pustyni dzi\u0119ki wycieczkom pustynnym z Tangeru, organizowanym przez Morocco Trips Guide. Z urokliwego miasta Tanger udaj si\u0119 do osza\u0142amiaj\u0105cych wydm i rozleg\u0142ych krajobraz\u00f3w Sahary. Z lokalnym przewodnikiem u boku do\u015bwiadczysz pi\u0119kna pustyni w spos\u00f3b, kt\u00f3ry jest zar\u00f3wno spokojny, jak i ekscytuj\u0105cy. Przeja\u017cd\u017cka na wielb\u0142\u0105dzie po z\u0142otych [&hellip;]<\/p>\n","protected":false},"author":1,"featured_media":0,"parent":0,"menu_order":0,"comment_status":"closed","ping_status":"closed","template":"elementor_header_footer","meta":{"ocean_post_layout":"full-width","ocean_both_sidebars_style":"","ocean_both_sidebars_content_width":0,"ocean_both_sidebars_sidebars_width":0,"ocean_sidebar":"0","ocean_second_sidebar":"0","ocean_disable_margins":"enable","ocean_add_body_class":"","ocean_shortcode_before_top_bar":"","ocean_shortcode_after_top_bar":"","ocean_shortcode_before_header":"","ocean_shortcode_after_header":"","ocean_has_shortcode":"","ocean_shortcode_after_title":"","ocean_shortcode_before_footer_widgets":"","ocean_shortcode_after_footer_widgets":"","ocean_shortcode_before_footer_bottom":"","ocean_shortcode_after_footer_bottom":"","ocean_display_top_bar":"default","ocean_display_header":"default","ocean_header_style":"","ocean_center_header_left_menu":"0","ocean_custom_header_template":"0","ocean_custom_logo":0,"ocean_custom_retina_logo":0,"ocean_custom_logo_max_width":0,"ocean_custom_logo_tablet_max_width":0,"ocean_custom_logo_mobile_max_width":0,"ocean_custom_logo_max_height":0,"ocean_custom_logo_tablet_max_height":0,"ocean_custom_logo_mobile_max_height":0,"ocean_header_custom_menu":"0","ocean_menu_typo_font_family":"0","ocean_menu_typo_font_subset":"","ocean_menu_typo_font_size":0,"ocean_menu_typo_font_size_tablet":0,"ocean_menu_typo_font_size_mobile":0,"ocean_menu_typo_font_size_unit":"px","ocean_menu_typo_font_weight":"","ocean_menu_typo_font_weight_tablet":"","ocean_menu_typo_font_weight_mobile":"","ocean_menu_typo_transform":"","ocean_menu_typo_transform_tablet":"","ocean_menu_typo_transform_mobile":"","ocean_menu_typo_line_height":0,"ocean_menu_typo_line_height_tablet":0,"ocean_menu_typo_line_height_mobile":0,"ocean_menu_typo_line_height_unit":"","ocean_menu_typo_spacing":0,"ocean_menu_typo_spacing_tablet":0,"ocean_menu_typo_spacing_mobile":0,"ocean_menu_typo_spacing_unit":"","ocean_menu_link_color":"","ocean_menu_link_color_hover":"","ocean_menu_link_color_active":"","ocean_menu_link_background":"","ocean_menu_link_hover_background":"","ocean_menu_link_active_background":"","ocean_menu_social_links_bg":"","ocean_menu_social_hover_links_bg":"","ocean_menu_social_links_color":"","ocean_menu_social_hover_links_color":"","ocean_disable_title":"default","ocean_disable_heading":"on","ocean_post_title":"","ocean_post_subheading":"","ocean_post_title_style":"background-image","ocean_post_title_background_color":"","ocean_post_title_background":0,"ocean_post_title_bg_image_position":"","ocean_post_title_bg_image_attachment":"","ocean_post_title_bg_image_repeat":"","ocean_post_title_bg_image_size":"","ocean_post_title_height":0,"ocean_post_title_bg_overlay":0.5,"ocean_post_title_bg_overlay_color":"","ocean_disable_breadcrumbs":"default","ocean_breadcrumbs_color":"","ocean_breadcrumbs_separator_color":"","ocean_breadcrumbs_links_color":"","ocean_breadcrumbs_links_hover_color":"","ocean_display_footer_widgets":"default","ocean_display_footer_bottom":"default","ocean_custom_footer_template":"0","footnotes":""},"class_list":["post-8220","page","type-page","status-publish","hentry","entry"],"_links":{"self":[{"href":"https:\/\/www.moroccotripsguide.com\/pl\/wp-json\/wp\/v2\/pages\/8220","targetHints":{"allow":["GET"]}}],"collection":[{"href":"https:\/\/www.moroccotripsguide.com\/pl\/wp-json\/wp\/v2\/pages"}],"about":[{"href":"https:\/\/www.moroccotripsguide.com\/pl\/wp-json\/wp\/v2\/types\/page"}],"author":[{"embeddable":true,"href":"https:\/\/www.moroccotripsguide.com\/pl\/wp-json\/wp\/v2\/users\/1"}],"replies":[{"embeddable":true,"href":"https:\/\/www.moroccotripsguide.com\/pl\/wp-json\/wp\/v2\/comments?post=8220"}],"version-history":[{"count":1,"href":"https:\/\/www.moroccotripsguide.com\/pl\/wp-json\/wp\/v2\/pages\/8220\/revisions"}],"predecessor-version":[{"id":8221,"href":"https:\/\/www.moroccotripsguide.com\/pl\/wp-json\/wp\/v2\/pages\/8220\/revisions\/8221"}],"wp:attachment":[{"href":"https:\/\/www.moroccotripsguide.com\/pl\/wp-json\/wp\/v2\/media?parent=8220"}],"curies":[{"name":"wp","href":"https:\/\/api.w.org\/{rel}","templated":true}]}}