{"id":8159,"date":"2025-05-19T12:00:28","date_gmt":"2025-05-19T12:00:28","guid":{"rendered":"https:\/\/www.moroccotripsguide.com\/circuits-au-depart-de-tanger\/"},"modified":"2025-06-06T10:43:59","modified_gmt":"2025-06-06T10:43:59","slug":"circuits-au-depart-de-tanger","status":"publish","type":"page","link":"https:\/\/www.moroccotripsguide.com\/fr\/circuits-au-depart-de-tanger\/","title":{"rendered":"Circuits au depart de Tanger"},"content":{"rendered":"\t\t<div data-elementor-type=\"wp-page\" data-elementor-id=\"8159\" class=\"elementor elementor-8159 elementor-7661\" data-elementor-post-type=\"page\">\n\t\t\t\t<div class=\"elementor-element elementor-element-afdba06 e-flex e-con-boxed e-con e-parent\" data-id=\"afdba06\" data-element_type=\"container\" data-e-type=\"container\">\n\t\t\t\t\t<div class=\"e-con-inner\">\n\t\t\t\t<div class=\"elementor-element elementor-element-768d501 elementor-widget elementor-widget-heading\" data-id=\"768d501\" data-element_type=\"widget\" data-e-type=\"widget\" data-widget_type=\"heading.default\">\n\t\t\t\t<div class=\"elementor-widget-container\">\n\t\t\t\t\t<h1 class=\"elementor-heading-title elementor-size-default\">Unique Circuits au d\u00e9part de Tanger<\/h1>\t\t\t\t<\/div>\n\t\t\t\t<\/div>\n\t\t\t\t<div class=\"elementor-element elementor-element-f794ea0 elementor-widget elementor-widget-text-editor\" data-id=\"f794ea0\" data-element_type=\"widget\" data-e-type=\"widget\" data-widget_type=\"text-editor.default\">\n\t\t\t\t<div class=\"elementor-widget-container\">\n\t\t\t\t\t\t\t\t\t<p>D\u00e9couvrez la magie du d\u00e9sert marocain avec les circuits au d\u00e9part de Tanger, propos\u00e9s par Morocco Trips Guide. Depuis la charmante ville de Tanger, aventurez-vous dans les dunes \u00e9tonnantes et les vastes paysages du Sahara. Avec un guide local \u00e0 vos c\u00f4t\u00e9s, vous d\u00e9couvrirez la beaut\u00e9 du d\u00e9sert d&rsquo;une mani\u00e8re \u00e0 la fois paisible et excitante.<\/p>\n<p>Montez \u00e0 dos de chameau sur les sables dor\u00e9s, regardez le coucher de soleil peindre le ciel et profitez du charme tranquille de la vie dans le d\u00e9sert. Le guide Morocco Trips assure votre confort tout en vous offrant une aventure inoubliable, remplie d&rsquo;aventures, de s\u00e9r\u00e9nit\u00e9 et de souvenirs inoubliables. Laissez-vous inspirer par le d\u00e9sert et cr\u00e9ez des moments inoubliables.<\/p>\n\t\t\t\t\t\t\t\t<\/div>\n\t\t\t\t<\/div>\n\t\t\t\t<div class=\"elementor-element elementor-element-f94bf6c elementor-widget elementor-widget-heading\" data-id=\"f94bf6c\" data-element_type=\"widget\" data-e-type=\"widget\" data-widget_type=\"heading.default\">\n\t\t\t\t<div class=\"elementor-widget-container\">\n\t\t\t\t\t<h1 class=\"elementor-heading-title elementor-size-default\">Circuits au d\u00e9part de Tanger<\/h1>\t\t\t\t<\/div>\n\t\t\t\t<\/div>\n\t\t\t\t<div class=\"elementor-element elementor-element-29fd7ca elementor-widget elementor-widget-text-editor\" data-id=\"29fd7ca\" data-element_type=\"widget\" data-e-type=\"widget\" data-widget_type=\"text-editor.default\">\n\t\t\t\t<div class=\"elementor-widget-container\">\n\t\t\t\t\t\t\t\t\t<p>D\u00e9couvrez la magie du d\u00e9sert marocain avec Unique Circuits au d\u00e9part de Tanger propos\u00e9e par Morocco Trips Guide. Depuis la charmante ville de Tanger, aventurez-vous dans les dunes \u00e9tonnantes et les vastes paysages du Sahara. Avec un guide local \u00e0 vos c\u00f4t\u00e9s, vous d\u00e9couvrirez la beaut\u00e9 du d\u00e9sert d&rsquo;une mani\u00e8re \u00e0 la fois paisible et excitante.<\/p>\n<p>Montez \u00e0 dos de chameau sur les sables dor\u00e9s, regardez le coucher de soleil peindre le ciel et profitez du charme tranquille de la vie dans le d\u00e9sert. Le guide Morocco Trips assure votre confort tout en vous offrant une aventure inoubliable, remplie d&rsquo;aventures, de s\u00e9r\u00e9nit\u00e9 et de souvenirs inoubliables.<\/p>\n<p>Laissez-vous inspirer par le d\u00e9sert et cr\u00e9ez des moments inoubliables.<\/p>\n\t\t\t\t\t\t\t\t<\/div>\n\t\t\t\t<\/div>\n\t\t<div class=\"elementor-element elementor-element-19f27da e-con-full e-flex e-con e-child\" data-id=\"19f27da\" data-element_type=\"container\" data-e-type=\"container\">\n\t\t<div class=\"elementor-element elementor-element-d14a7ab e-con-full e-flex e-con e-child\" data-id=\"d14a7ab\" data-element_type=\"container\" data-e-type=\"container\">\n\t\t<div class=\"elementor-element elementor-element-cc1fe20 e-flex e-con-boxed e-con e-child\" data-id=\"cc1fe20\" data-element_type=\"container\" data-e-type=\"container\">\n\t\t\t\t\t<div class=\"e-con-inner\">\n\t\t\t\t<div class=\"elementor-element elementor-element-5b6b4e8 elementor-widget elementor-widget-image\" data-id=\"5b6b4e8\" data-element_type=\"widget\" data-e-type=\"widget\" data-widget_type=\"image.default\">\n\t\t\t\t<div class=\"elementor-widget-container\">\n\t\t\t\t\t\t\t\t\t\t\t\t\t\t\t<img decoding=\"async\" src=\"https:\/\/www.moroccotripsguide.com\/wp-content\/uploads\/2025\/01\/4-Days-Desert-Tour-Tangier-to-Marrakech-5-1.jpg\" title=\"4 Days Desert Tour Tangier to Marrakech\" alt=\"4 Days Desert Tour Tangier to Marrakech\" loading=\"lazy\" \/>\t\t\t\t\t\t\t\t\t\t\t\t\t\t\t<\/div>\n\t\t\t\t<\/div>\n\t\t\t\t<div class=\"elementor-element elementor-element-339f9d4 elementor-widget elementor-widget-heading\" data-id=\"339f9d4\" data-element_type=\"widget\" data-e-type=\"widget\" data-widget_type=\"heading.default\">\n\t\t\t\t<div class=\"elementor-widget-container\">\n\t\t\t\t\t<h2 class=\"elementor-heading-title elementor-size-default\">4 JOURS DE TANGER \u00c0 MARRAKECH<\/h2>\t\t\t\t<\/div>\n\t\t\t\t<\/div>\n\t\t\t\t<div class=\"elementor-element elementor-element-613d5a1 elementor-widget-divider--view-line_text elementor-widget-divider--element-align-center elementor-widget elementor-widget-divider\" data-id=\"613d5a1\" data-element_type=\"widget\" data-e-type=\"widget\" data-widget_type=\"divider.default\">\n\t\t\t\t<div class=\"elementor-widget-container\">\n\t\t\t\t\t\t\t<div class=\"elementor-divider\">\n\t\t\t<span class=\"elementor-divider-separator\">\n\t\t\t\t\t\t\t<span class=\"elementor-divider__text elementor-divider__element\">\n\t\t\t\t4 Jours \/ 3 Nuits\t\t\t\t<\/span>\n\t\t\t\t\t\t<\/span>\n\t\t<\/div>\n\t\t\t\t\t\t<\/div>\n\t\t\t\t<\/div>\n\t\t\t\t<div class=\"elementor-element elementor-element-75ef864 elementor-widget elementor-widget-text-editor\" data-id=\"75ef864\" data-element_type=\"widget\" data-e-type=\"widget\" data-widget_type=\"text-editor.default\">\n\t\t\t\t<div class=\"elementor-widget-container\">\n\t\t\t\t\t\t\t\t\t<p>D\u00e9couvrez les MEILLEURS endroits au cours d&rsquo;un voyage sans faille rempli de culture, d&rsquo;histoire et de vues de d\u00e9sert du Sahara au Maroc.<\/p>\n\t\t\t\t\t\t\t\t<\/div>\n\t\t\t\t<\/div>\n\t\t\t\t<div class=\"elementor-element elementor-element-b939b95 elementor-widget-divider--view-line_text elementor-widget-divider--element-align-center elementor-widget elementor-widget-divider\" data-id=\"b939b95\" data-element_type=\"widget\" data-e-type=\"widget\" data-widget_type=\"divider.default\">\n\t\t\t\t<div class=\"elementor-widget-container\">\n\t\t\t\t\t\t\t<div class=\"elementor-divider\">\n\t\t\t<span class=\"elementor-divider-separator\">\n\t\t\t\t\t\t\t<span class=\"elementor-divider__text elementor-divider__element\">\n\t\t\t\t\u00c0 partir de 298 \u20ac\t\t\t\t<\/span>\n\t\t\t\t\t\t<\/span>\n\t\t<\/div>\n\t\t\t\t\t\t<\/div>\n\t\t\t\t<\/div>\n\t\t\t\t<div class=\"elementor-element elementor-element-63313d5 elementor-button-warning elementor-align-center elementor-widget elementor-widget-button\" data-id=\"63313d5\" data-element_type=\"widget\" data-e-type=\"widget\" data-widget_type=\"button.default\">\n\t\t\t\t<div class=\"elementor-widget-container\">\n\t\t\t\t\t\t\t\t\t<div class=\"elementor-button-wrapper\">\n\t\t\t\t\t<a class=\"elementor-button elementor-button-link elementor-size-sm\" href=\"https:\/\/www.moroccotripsguide.com\/fr\/4-jours-de-tanger-a-marrakech\/\">\n\t\t\t\t\t\t<span class=\"elementor-button-content-wrapper\">\n\t\t\t\t\t\t\t\t\t<span class=\"elementor-button-text\">Explorer<\/span>\n\t\t\t\t\t<\/span>\n\t\t\t\t\t<\/a>\n\t\t\t\t<\/div>\n\t\t\t\t\t\t\t\t<\/div>\n\t\t\t\t<\/div>\n\t\t\t\t\t<\/div>\n\t\t\t\t<\/div>\n\t\t\t\t<\/div>\n\t\t<div class=\"elementor-element elementor-element-292903e e-con-full e-flex e-con e-child\" data-id=\"292903e\" data-element_type=\"container\" data-e-type=\"container\">\n\t\t<div class=\"elementor-element elementor-element-2a489ac e-con-full e-flex e-con e-child\" data-id=\"2a489ac\" data-element_type=\"container\" data-e-type=\"container\">\n\t\t\t\t<div class=\"elementor-element elementor-element-b666476 elementor-widget elementor-widget-image\" data-id=\"b666476\" data-element_type=\"widget\" data-e-type=\"widget\" data-widget_type=\"image.default\">\n\t\t\t\t<div class=\"elementor-widget-container\">\n\t\t\t\t\t\t\t\t\t\t\t\t\t\t\t<img decoding=\"async\" src=\"https:\/\/www.moroccotripsguide.com\/wp-content\/uploads\/2025\/01\/5-Days-Desert-Tour-Tangier-to-Marrakech-1.jpg\" title=\"5 Days Desert Tour Tangier to Marrakech\" alt=\"5 Days Desert Tour Tangier to Marrakech\" loading=\"lazy\" \/>\t\t\t\t\t\t\t\t\t\t\t\t\t\t\t<\/div>\n\t\t\t\t<\/div>\n\t\t\t\t<div class=\"elementor-element elementor-element-6981e1e elementor-widget elementor-widget-heading\" data-id=\"6981e1e\" data-element_type=\"widget\" data-e-type=\"widget\" data-widget_type=\"heading.default\">\n\t\t\t\t<div class=\"elementor-widget-container\">\n\t\t\t\t\t<h2 class=\"elementor-heading-title elementor-size-default\">5 JOURS DE TANGER \u00c0 MARRAKECH<\/h2>\t\t\t\t<\/div>\n\t\t\t\t<\/div>\n\t\t\t\t<div class=\"elementor-element elementor-element-a94382e elementor-widget-divider--view-line_text elementor-widget-divider--element-align-center elementor-widget elementor-widget-divider\" data-id=\"a94382e\" data-element_type=\"widget\" data-e-type=\"widget\" data-widget_type=\"divider.default\">\n\t\t\t\t<div class=\"elementor-widget-container\">\n\t\t\t\t\t\t\t<div class=\"elementor-divider\">\n\t\t\t<span class=\"elementor-divider-separator\">\n\t\t\t\t\t\t\t<span class=\"elementor-divider__text elementor-divider__element\">\n\t\t\t\t5 Jours \/  4 Nuits\t\t\t\t<\/span>\n\t\t\t\t\t\t<\/span>\n\t\t<\/div>\n\t\t\t\t\t\t<\/div>\n\t\t\t\t<\/div>\n\t\t\t\t<div class=\"elementor-element elementor-element-1f0d19b elementor-widget elementor-widget-text-editor\" data-id=\"1f0d19b\" data-element_type=\"widget\" data-e-type=\"widget\" data-widget_type=\"text-editor.default\">\n\t\t\t\t<div class=\"elementor-widget-container\">\n\t\t\t\t\t\t\t\t\t<p>Rejoignez-nous pour 5 jours de Tanger \u00e0 Marrakech, o\u00f9 vous explorerez les divers paysages du Maroc, des villes c\u00f4ti\u00e8res au d\u00e9sert d&rsquo;or.<\/p>\n\t\t\t\t\t\t\t\t<\/div>\n\t\t\t\t<\/div>\n\t\t\t\t<div class=\"elementor-element elementor-element-e1946ea elementor-widget-divider--view-line_text elementor-widget-divider--element-align-center elementor-widget elementor-widget-divider\" data-id=\"e1946ea\" data-element_type=\"widget\" data-e-type=\"widget\" data-widget_type=\"divider.default\">\n\t\t\t\t<div class=\"elementor-widget-container\">\n\t\t\t\t\t\t\t<div class=\"elementor-divider\">\n\t\t\t<span class=\"elementor-divider-separator\">\n\t\t\t\t\t\t\t<span class=\"elementor-divider__text elementor-divider__element\">\n\t\t\t\t\u00c0 partir de 378 \u20ac\t\t\t\t<\/span>\n\t\t\t\t\t\t<\/span>\n\t\t<\/div>\n\t\t\t\t\t\t<\/div>\n\t\t\t\t<\/div>\n\t\t\t\t<div class=\"elementor-element elementor-element-a8c3a8a elementor-button-warning elementor-align-center elementor-widget elementor-widget-button\" data-id=\"a8c3a8a\" data-element_type=\"widget\" data-e-type=\"widget\" data-widget_type=\"button.default\">\n\t\t\t\t<div class=\"elementor-widget-container\">\n\t\t\t\t\t\t\t\t\t<div class=\"elementor-button-wrapper\">\n\t\t\t\t\t<a class=\"elementor-button elementor-button-link elementor-size-sm\" href=\"https:\/\/www.moroccotripsguide.com\/fr\/5-jours-de-tanger-a-marrakech\/\">\n\t\t\t\t\t\t<span class=\"elementor-button-content-wrapper\">\n\t\t\t\t\t\t\t\t\t<span class=\"elementor-button-text\">Explorer<\/span>\n\t\t\t\t\t<\/span>\n\t\t\t\t\t<\/a>\n\t\t\t\t<\/div>\n\t\t\t\t\t\t\t\t<\/div>\n\t\t\t\t<\/div>\n\t\t\t\t<\/div>\n\t\t\t\t<\/div>\n\t\t\t\t<\/div>\n\t\t\t\t\t<\/div>\n\t\t\t\t<\/div>\n\t\t\t\t<\/div>\n\t\t","protected":false},"excerpt":{"rendered":"<p>Unique Circuits au d\u00e9part de Tanger D\u00e9couvrez la magie du d\u00e9sert marocain avec les circuits au d\u00e9part de Tanger, propos\u00e9s par Morocco Trips Guide. Depuis la charmante ville de Tanger, aventurez-vous dans les dunes \u00e9tonnantes et les vastes paysages du Sahara. Avec un guide local \u00e0 vos c\u00f4t\u00e9s, vous d\u00e9couvrirez la beaut\u00e9 du d\u00e9sert d&rsquo;une [&hellip;]<\/p>\n","protected":false},"author":1,"featured_media":0,"parent":0,"menu_order":0,"comment_status":"closed","ping_status":"closed","template":"elementor_header_footer","meta":{"ocean_post_layout":"full-width","ocean_both_sidebars_style":"","ocean_both_sidebars_content_width":0,"ocean_both_sidebars_sidebars_width":0,"ocean_sidebar":"0","ocean_second_sidebar":"0","ocean_disable_margins":"enable","ocean_add_body_class":"","ocean_shortcode_before_top_bar":"","ocean_shortcode_after_top_bar":"","ocean_shortcode_before_header":"","ocean_shortcode_after_header":"","ocean_has_shortcode":"","ocean_shortcode_after_title":"","ocean_shortcode_before_footer_widgets":"","ocean_shortcode_after_footer_widgets":"","ocean_shortcode_before_footer_bottom":"","ocean_shortcode_after_footer_bottom":"","ocean_display_top_bar":"default","ocean_display_header":"default","ocean_header_style":"","ocean_center_header_left_menu":"0","ocean_custom_header_template":"0","ocean_custom_logo":0,"ocean_custom_retina_logo":0,"ocean_custom_logo_max_width":0,"ocean_custom_logo_tablet_max_width":0,"ocean_custom_logo_mobile_max_width":0,"ocean_custom_logo_max_height":0,"ocean_custom_logo_tablet_max_height":0,"ocean_custom_logo_mobile_max_height":0,"ocean_header_custom_menu":"0","ocean_menu_typo_font_family":"0","ocean_menu_typo_font_subset":"","ocean_menu_typo_font_size":0,"ocean_menu_typo_font_size_tablet":0,"ocean_menu_typo_font_size_mobile":0,"ocean_menu_typo_font_size_unit":"px","ocean_menu_typo_font_weight":"","ocean_menu_typo_font_weight_tablet":"","ocean_menu_typo_font_weight_mobile":"","ocean_menu_typo_transform":"","ocean_menu_typo_transform_tablet":"","ocean_menu_typo_transform_mobile":"","ocean_menu_typo_line_height":0,"ocean_menu_typo_line_height_tablet":0,"ocean_menu_typo_line_height_mobile":0,"ocean_menu_typo_line_height_unit":"","ocean_menu_typo_spacing":0,"ocean_menu_typo_spacing_tablet":0,"ocean_menu_typo_spacing_mobile":0,"ocean_menu_typo_spacing_unit":"","ocean_menu_link_color":"","ocean_menu_link_color_hover":"","ocean_menu_link_color_active":"","ocean_menu_link_background":"","ocean_menu_link_hover_background":"","ocean_menu_link_active_background":"","ocean_menu_social_links_bg":"","ocean_menu_social_hover_links_bg":"","ocean_menu_social_links_color":"","ocean_menu_social_hover_links_color":"","ocean_disable_title":"default","ocean_disable_heading":"on","ocean_post_title":"","ocean_post_subheading":"","ocean_post_title_style":"background-image","ocean_post_title_background_color":"","ocean_post_title_background":0,"ocean_post_title_bg_image_position":"","ocean_post_title_bg_image_attachment":"","ocean_post_title_bg_image_repeat":"","ocean_post_title_bg_image_size":"","ocean_post_title_height":0,"ocean_post_title_bg_overlay":0.5,"ocean_post_title_bg_overlay_color":"","ocean_disable_breadcrumbs":"default","ocean_breadcrumbs_color":"","ocean_breadcrumbs_separator_color":"","ocean_breadcrumbs_links_color":"","ocean_breadcrumbs_links_hover_color":"","ocean_display_footer_widgets":"default","ocean_display_footer_bottom":"default","ocean_custom_footer_template":"0","footnotes":""},"class_list":["post-8159","page","type-page","status-publish","hentry","entry"],"_links":{"self":[{"href":"https:\/\/www.moroccotripsguide.com\/fr\/wp-json\/wp\/v2\/pages\/8159","targetHints":{"allow":["GET"]}}],"collection":[{"href":"https:\/\/www.moroccotripsguide.com\/fr\/wp-json\/wp\/v2\/pages"}],"about":[{"href":"https:\/\/www.moroccotripsguide.com\/fr\/wp-json\/wp\/v2\/types\/page"}],"author":[{"embeddable":true,"href":"https:\/\/www.moroccotripsguide.com\/fr\/wp-json\/wp\/v2\/users\/1"}],"replies":[{"embeddable":true,"href":"https:\/\/www.moroccotripsguide.com\/fr\/wp-json\/wp\/v2\/comments?post=8159"}],"version-history":[{"count":5,"href":"https:\/\/www.moroccotripsguide.com\/fr\/wp-json\/wp\/v2\/pages\/8159\/revisions"}],"predecessor-version":[{"id":8520,"href":"https:\/\/www.moroccotripsguide.com\/fr\/wp-json\/wp\/v2\/pages\/8159\/revisions\/8520"}],"wp:attachment":[{"href":"https:\/\/www.moroccotripsguide.com\/fr\/wp-json\/wp\/v2\/media?parent=8159"}],"curies":[{"name":"wp","href":"https:\/\/api.w.org\/{rel}","templated":true}]}}